{"id":742,"date":"2022-10-25T12:14:17","date_gmt":"2022-10-25T19:14:17","guid":{"rendered":"https:\/\/www.hoffman.com\/?page_id=742"},"modified":"2025-08-08T16:38:26","modified_gmt":"2025-08-08T23:38:26","slug":"services","status":"publish","type":"page","link":"https:\/\/www.hoffman.com\/fr\/services\/","title":{"rendered":"Services"},"content":{"rendered":"Services  \n\t<h1 class=\"translation-block\">En tant \u2756qu\u2019agence de conseil en communication int\u00e9gr\u00e9e, nos services couvrent un vaste panel de <em>canaux<\/em> et de <em>types de contenus<\/em>.<\/h1>\n\t<p>Pourtant, toutes les campagnes ont un d\u00e9nominateur commun\u00a0:<\/p>\n\t<p>Des actions qui font progresser vos objectifs commerciaux.<\/p>\n\t<p class=\"translation-block\">Notre approche va au-del\u00e0 de l'application de notre expertise \u00e0 un simple plan. Nous sommes d\u00e9termin\u00e9s, une qualit\u00e9 intangible qui insuffle de<span class=\"popover-trigger popover-inline\" data-popover-src=\"https:\/\/www.hoffman.com\/wp-content\/uploads\/2022\/10\/rollover-mind-blown.webp\">l'\u00e9nergie !<\/span>\u00e0 l'ex\u00e9cution de nos campagnes.<\/p>\n    <h2>\n              Services \n            <\/h2>\n    <ul id=\"block-nav-30\"><li id=\"menu-item-777\"><a href=\"https:\/\/www.hoffman.com\/services\/earned-media\/\">Earned media<\/a><\/li>\n<li id=\"menu-item-789\"><a href=\"https:\/\/www.hoffman.com\/services\/content-marketing\/\">Contenu marketing<\/a><\/li>\n<li id=\"menu-item-796\"><a href=\"https:\/\/www.hoffman.com\/services\/social-media\/\">R\u00e9seaux sociaux<\/a><\/li>\n<li id=\"menu-item-790\"><a href=\"https:\/\/www.hoffman.com\/services\/earned-search\/\">Earned search<\/a><\/li>\n<li id=\"menu-item-821\"><a href=\"https:\/\/www.hoffman.com\/services\/crisis-communications\/\">Communications de crise<\/a><\/li>\n<li id=\"menu-item-822\"><a href=\"https:\/\/www.hoffman.com\/services\/corporate-communications\/\">Communication corporate<\/a><\/li>\n<li id=\"menu-item-823\"><a href=\"https:\/\/www.hoffman.com\/services\/trainings\/\">Formations<\/a><\/li>\n<li id=\"menu-item-824\"><a href=\"https:\/\/www.hoffman.com\/services\/branding-design\/\">Branding &amp; Design<\/a><\/li>\n<li id=\"menu-item-825\"><a href=\"https:\/\/www.hoffman.com\/services\/performance-content\/\">Contenu de performance<\/a><\/li>\n<\/ul>","protected":false},"excerpt":{"rendered":"<p>Services As an \u2756 integrated communications consultancy, our services cover a range of channels and content types. Yet, all campaigns share one common denominator: Actions that advance your business objectives. &#8230;<\/p>","protected":false},"author":3,"featured_media":0,"parent":0,"menu_order":0,"comment_status":"closed","ping_status":"closed","template":"","meta":{"_acf_changed":false,"footnotes":""},"class_list":["post-742","page","type-page","status-publish","hentry"],"acf":[],"_links":{"self":[{"href":"https:\/\/www.hoffman.com\/fr\/wp-json\/wp\/v2\/pages\/742","targetHints":{"allow":["GET"]}}],"collection":[{"href":"https:\/\/www.hoffman.com\/fr\/wp-json\/wp\/v2\/pages"}],"about":[{"href":"https:\/\/www.hoffman.com\/fr\/wp-json\/wp\/v2\/types\/page"}],"author":[{"embeddable":true,"href":"https:\/\/www.hoffman.com\/fr\/wp-json\/wp\/v2\/users\/3"}],"replies":[{"embeddable":true,"href":"https:\/\/www.hoffman.com\/fr\/wp-json\/wp\/v2\/comments?post=742"}],"version-history":[{"count":0,"href":"https:\/\/www.hoffman.com\/fr\/wp-json\/wp\/v2\/pages\/742\/revisions"}],"wp:attachment":[{"href":"https:\/\/www.hoffman.com\/fr\/wp-json\/wp\/v2\/media?parent=742"}],"curies":[{"name":"wp","href":"https:\/\/api.w.org\/{rel}","templated":true}]}}