{"id":12,"date":"2022-09-26T17:04:28","date_gmt":"2022-09-27T00:04:28","guid":{"rendered":"https:\/\/www.hoffman.com\/our-jam\/"},"modified":"2026-02-10T18:47:45","modified_gmt":"2026-02-11T02:47:45","slug":"silicon-valley-pr-agency","status":"publish","type":"page","link":"https:\/\/www.hoffman.com\/fr\/silicon-valley-pr-agency\/","title":{"rendered":"Notre ADN"},"content":{"rendered":"Notre ADN  \n\t<h1>Like so many \ud83d\udcc1 companies born in \u25a4 Silicon Valley, we believe there&#8217;s a better way.<\/h1>\n\t<h2>We believed this going back to the start of the Agency in 1987. We believe it today &#8211; a mentality that continually pushes us to evolve our offering and all that supports it.<\/h2>\n<h2>\n\t\t\tWe&#8217;re not afraid to zig when others zag.\t<\/h2>\n\t<p>Notre approche de la communication au sein de tous nos bureaux \u00e0 travers le monde a \u00e9t\u00e9 fa\u00e7onn\u00e9e par les principes de la Silicon Valley\u00a0:<\/p>\n<ul>\t<li>\n\t\t\t<h3> Ne jamais se satisfaire du statu quo<\/h3>\t\t\n\t<\/li>\n\t\t<li>\n\t\t\t<h3> Prise de risque intelligente<\/h3>\t\t\n\t<\/li>\n\t\t<li>\n\t\t\t<h3> Culture d&#039;\u00e9quipe<\/h3>\t\t\n\t<\/li>\n\t\t<li>\n\t\t\t<h3> Hi\u00e9rarchie horizontale<\/h3>\t\t\n\t<\/li>\n\t<\/ul>\n\t<p>Oui, nos hauts dirigeants vont chercher leur propre tasse de caf\u00e9 ou de th\u00e9 le matin.<\/p>\n\t<ul>\n<li><a href=\"#mission\">Notre mission<\/a><\/li>\n<li><a href=\"#independent\">We&#8217;re Independent<\/a><\/li>\n<li><a href=\"#clients\">Le r\u00f4le des clients<\/a><\/li>\n\n<\/ul>\n<h2  id=\"mission\" class=\"translation-block\"><span class=\"fl-heading-text\">Notre mission est simple\u00a0:<br> Faire du bon travail<\/span><\/h2>\n\t<p>If you were to ask 100 PR agencies if they&#8217;re client-centric, you&#8217;ll get 100 PR agencies answering with an emphatic &#8220;yes.&#8221; Yet their behavior and reward systems don&#8217;t align with that claim. Instead, they focus on the financial side, which manifests itself with account people having to meet billing quotas and being measured by their &#8220;billability&#8221;.<\/p>\n<p>In contrast, we measure our account folks only on variables that matter to clients. This doesn&#8217;t mean we don&#8217;t care about financial performance. Of course, we do so we can reward our staff and invest in the company. But it&#8217;s not the lead pin which in turn motivates our account teams to focus on the client.<\/p>\n<p>We hired a HR company to survey our staff some time ago on a number of issues. They scored statements on a scale of one to ten with one being you&#8217;re delusional if you think this is true and ten being &#8220;absolutely!&#8221; Check out the following data:<\/p>\n<figure data-animation-delay=\"0\" data-animation-duration=\"1\" itemscope itemtype=\"https:\/\/schema.org\/ImageObject\">\n\t\t\t\t<img decoding=\"async\" src=\"https:\/\/www.hoffman.com\/wp-content\/uploads\/2022\/11\/chart-deliver-great-services-fixed.svg\" alt=\"The Hoffman Agency&#039;s No. 1 Mission is to Deliver Great Services to Our Clients\" height=\"378\" width=\"624\" title=\"graphique-offrir-de-excellents-services-fixe\" onerror=\"this.style.display='none'\" loading=\"lazy\" \/>\n\t<\/figure>\n<h2  id=\"independent\">\n\t\t\tWhy You Should Care That We&#8217;re Independent\t<\/h2>\n\t<p>Consolidation has reshaped the communications industry, producing four humongous (great adjective) holding companies &#8211; Omnicom, IPG, WPP and Publicis &#8211; which control a huge percent of the budgets earmarked for consultancies.<\/p>\n<p>As an independent consultancy with scale and geographic reach, we&#8217;re an outlier.<\/p>\n<p>Ce qui nous ram\u00e8ne \u00e0 l'id\u00e9e que si nous fournissons un travail de qualit\u00e9 \u00e0 nos clients, les performances financi\u00e8res suivront (plut\u00f4t que de placer les chiffres comme principal moteur).<\/p>\n<figure data-animation-delay=\"0\" data-animation-duration=\"1\" itemscope itemtype=\"https:\/\/schema.org\/ImageObject\">\n\t\t\t\t<img decoding=\"async\" src=\"https:\/\/www.hoffman.com\/wp-content\/uploads\/2022\/09\/chart-sophisticated-campaigns.svg\" alt=\"chart-sophisticated-campaigns\" height=\"472\" width=\"584\" title=\"graphiques-campagnes-sophistiqu\u00e9es\" onerror=\"this.style.display='none'\" loading=\"lazy\" \/>\n\t<\/figure>\n\t<blockquote><p>Nos clients b\u00e9n\u00e9ficient du meilleur des deux mondes\u00a0:<\/p>\n<p><em>des campagnes sophistiqu\u00e9es + une gestion haut de gamme<\/em><\/p><\/blockquote>\n<h2  id=\"clients\">\n\t\t\tLe r\u00f4le des clients dans une culture de la bienveillance\t<\/h2>\n\t<p>Bien souvent, l'adjectif \"gentil\" a mauvaise r\u00e9putation, comme si la volont\u00e9 de r\u00e9ussir et la gentillesse \u00e9taient ind\u00e9pendants l\u2019un de l\u2019autre.<\/p>\n<p>Nous sommes ambitieux et nous nous effor\u00e7ons d'\u00eatre les meilleurs au monde dans ce que nous faisons. Nous sommes capables d\u2019y parvenir tout en nous souciant de nos coll\u00e8gues et en contribuant \u00e0 leur r\u00e9ussite.<\/p>\n<p>Cet \u00e9tat d\u2019esprit dans le travail au quotidien permet d\u2019entretenir une culture de la gentillesse, et pas seulement de la part des \u00e9quipes dirigeantes. Nous c\u00e9l\u00e9brons et r\u00e9compensons ce type d\u2019attitude.<\/p>\n<p>Given a choice between nice behavior and nasty behavior, what&#8217;s easier on the soul?<\/p>\n<p>Passons maintenant \u00e0 un \u00e9l\u00e9ment cl\u00e9. Le comportement des clients, une donn\u00e9e importante qui entre en ligne de compte dans cette \u00e9quation.<\/p>\n\t<blockquote><p class=\"translation-block\">Qu'est-ce qui a eu le plus d'impact sur votre exp\u00e9rience au sein de l'Agence Hoffman ?<\/p><\/blockquote>\n<figure itemscope itemtype=\"https:\/\/schema.org\/ImageObject\">\n\t\t\t\t<img decoding=\"async\" src=\"https:\/\/www.hoffman.com\/wp-content\/uploads\/2022\/09\/chart-greatest-impact.svg\" alt=\"chart-greatest-impact\" height=\"330\" width=\"345\" title=\"graphique-le plus grand impact\" onerror=\"this.style.display='none'\" loading=\"lazy\" \/>\n\t<\/figure>\n\t<p>Our internal employee surveys over the years show that our client contacts have the second most impact on the experience of our employees after the person&#8217;s direct manager.<\/p>\n<p>We don&#8217;t seek out clients with the backbone of a marshmallow. We expect our clients to have high standards. We have high standards. And if something goes awry, it should be brought to our attention with the expectation of a course correction.<\/p>\n<p class=\"translation-block\">Il n'est pas n\u00e9cessaire d'\u00eatre d\u00e9sagr\u00e9able pour communiquer le probl\u00e8me \u00e0 notre \u00e9quipe. S'il s'av\u00e8re que le contact client est difficile, nous essayons de r\u00e9tablir la situation le plus rapidement possible. Si cela ne fonctionne pas, nous acceptons de nous retirer du projet. \n\nNous estimons que nous n'avons pas \u00e0 faire face \u00e0 des dirigeants de Chicago, de New York ou de Londres qui n\u2019ont que pour objectif de nous envoyer des feuilles de calcul chaque trimestre.\nNous sommes capables d\u2019encaisser un coup dur \u00e0 court terme pour soutenir notre personnel, m\u00eame si cela signifie \n <a href=\"https:\/\/www.ishmaelscorner.com\/lou-problem\/\" target=\"_blank\" rel=\"noopener\">se retirer d\u2019un projet avec une marque ou une entreprise de renom.<\/a><\/p>\n<figure itemscope itemtype=\"https:\/\/schema.org\/ImageObject\">\n\t\t\t\t<a href=\"https:\/\/www.hoffman.com\/how-clients-get-the-most-out-of-us\/\" target=\"_self\" itemprop=\"url\">\n\t\t\t\t<img decoding=\"async\" src=\"https:\/\/www.hoffman.com\/wp-content\/uploads\/2022\/11\/Client-Agency-Relationships-11-14-22.jpg\" alt=\"How Clients Get the Most Out of Us\" height=\"428\" width=\"761\" title=\"Relations client-agence-14\/11\/22\" onerror=\"this.style.display='none'\" loading=\"lazy\" \/>\n\t\t\t\t<\/a>\n\t<\/figure>\n\t<p>Pour en savoir plus sur la fa\u00e7on dont les clients tirent le meilleur parti de notre expertise, <\/p>\n  <a href=\"https:\/\/www.hoffman.com\/client-agency-relationships\/\" target=\"_self\">\n    Consultez cette pr\u00e9sentation  <\/a>\n    <h2>\n            <a href=\"\/fr\/silicon-valley-pr-agency\/\">\n                Notre ADN \n              <\/a>\n          <\/h2>\n    <ul id=\"block-nav-19\"><li id=\"menu-item-388\"><a href=\"https:\/\/www.hoffman.com\/fr\/tech-pr\/\">Relations presse tech<\/a><\/li>\n<li id=\"menu-item-389\"><a href=\"https:\/\/www.hoffman.com\/fr\/storytelling-in-pr\/\">L'histoire est toujours \u00e0 port\u00e9e de main<\/a><\/li>\n<li id=\"menu-item-6759\"><a href=\"https:\/\/www.hoffman.com\/silicon-valley-pr-agency\/whats-happening\/\">Que se passe-t-il (Blog)<\/a><\/li>\n<li id=\"menu-item-441\"><a target=\"_blank\" href=\"https:\/\/www.ishmaelscorner.com\/\" rel=\"nofollow noopener\">Ishmael&#8217;s Corner (Blog)<\/a><\/li>\n<li id=\"menu-item-386\"><a href=\"https:\/\/www.hoffman.com\/pr-agency-awards\/\">Prix<\/a><\/li>\n<\/ul>","protected":false},"excerpt":{"rendered":"<p>Our Jam Like so many \ud83d\udcc1 companies born in \u25a4 Silicon Valley, we believe there&#8217;s a better way. We believed this going back to the start of the Agency in &#8230;<\/p>","protected":false},"author":1,"featured_media":0,"parent":0,"menu_order":1,"comment_status":"closed","ping_status":"closed","template":"","meta":{"_acf_changed":false,"footnotes":""},"class_list":["post-12","page","type-page","status-publish","hentry"],"acf":[],"_links":{"self":[{"href":"https:\/\/www.hoffman.com\/fr\/wp-json\/wp\/v2\/pages\/12","targetHints":{"allow":["GET"]}}],"collection":[{"href":"https:\/\/www.hoffman.com\/fr\/wp-json\/wp\/v2\/pages"}],"about":[{"href":"https:\/\/www.hoffman.com\/fr\/wp-json\/wp\/v2\/types\/page"}],"author":[{"embeddable":true,"href":"https:\/\/www.hoffman.com\/fr\/wp-json\/wp\/v2\/users\/1"}],"replies":[{"embeddable":true,"href":"https:\/\/www.hoffman.com\/fr\/wp-json\/wp\/v2\/comments?post=12"}],"version-history":[{"count":0,"href":"https:\/\/www.hoffman.com\/fr\/wp-json\/wp\/v2\/pages\/12\/revisions"}],"wp:attachment":[{"href":"https:\/\/www.hoffman.com\/fr\/wp-json\/wp\/v2\/media?parent=12"}],"curies":[{"name":"wp","href":"https:\/\/api.w.org\/{rel}","templated":true}]}}