{"id":644,"date":"2022-10-21T16:03:06","date_gmt":"2022-10-21T23:03:06","guid":{"rendered":"https:\/\/www.hoffman.com\/?page_id=644"},"modified":"2025-08-08T16:18:45","modified_gmt":"2025-08-08T23:18:45","slug":"solving-business-problems","status":"publish","type":"page","link":"https:\/\/www.hoffman.com\/de\/solving-business-problems\/","title":{"rendered":"Probleme l\u00f6sen"},"content":{"rendered":"Probleme l\u00f6sen  \n\t<h1 class=\"translation-block\">Executing a traditional PR program to build a company\u2019s public profile \u2013 <em>anchored in earned media<\/em> \u2013 has value \ud83d\udcb0.<\/h1>\n\t<p>Berichterstattung in Medien verleiht einem Unternehmen \u00f6ffentliche Glaubw\u00fcrdigkeit. Berichten Journalist:innen \u00fcber das Unternehmen, dann wird es nach au\u00dfen hin als wichtig wahrgenommen. Zus\u00e4tzlich erh\u00f6ht die PR-Arbeit damit auch den Bekanntheitsgrad, was sich wiederum positiv auf die Anstrengungen des Sales-Teams auswirkt.<\/p>\n<p>Yet, communications can do so much more than bolster a company&#8217;s public profile. At its best, communications can solve pain points.<\/p>\n<h2>\n\t\tSchmerzpunkte aufzul\u00f6sen unterscheidet sich vom Aufbau eines \u00f6ffentlichen Profils. \n\t<\/h2>\n\t<p>Senior executives don&#8217;t stay up at night with angst over their public profile.<\/p>\n<p>Was eben diese F\u00fchrungskr\u00e4fte aber rund um die Uhr umtreibt, sind Gedanken \u00fcber die Akquise neuer Talente und die Verbreitung ihrer Innovationen. Das sind ihre Schmerzpunkte.<\/p>\n<p>Aus unserer Erfahrung wissen wir auch, dass ein weiterer Schmerzpunkt in der l\u00e4nder\u00fcbergreifenden Verwaltung von Programmen liegt.<\/p>\n<p>Und Startups wiederum bringen ihre ganz eigenen Probleme mit an den Tisch.<\/p>\n<p>Durch die Kombination von PR, Owned Media und Paid Media k\u00f6nnen wir Kampagnen orchestrieren, die den Fokus genau auf die richtigen Bereiche legen.<\/p>\n\t<blockquote><p>Die folgende Grafik <em>vermittelt ein gutes Gef\u00fchl<\/em> for these types of campaigns. The campaign&#8217;s objectives determine what channels are put in motion.<\/p><\/blockquote>\n\t\t\t\t<img decoding=\"async\" src=\"https:\/\/www.hoffman.com\/wp-content\/uploads\/2022\/10\/infographic-solving-pain-points.svg\" alt=\"Infographic - Solving Pain Points\" itemprop=\"image\" height=\"355.658\" width=\"1150.201\" title=\"Infografik-L\u00f6sung-Schmerzpunkte\" onerror=\"this.style.display='none'\">\n    <h2>\n            <a href=\"\/de\/solving-business-problems\/\">\n                Probleme l\u00f6sen \n              <\/a>\n          <\/h2>\n    <ul id=\"block-nav-29\"><li id=\"menu-item-690\"><a href=\"https:\/\/www.hoffman.com\/talent-acquisition-consultancy\/\">Talentsuche<\/a><\/li>\n<li id=\"menu-item-720\"><a href=\"https:\/\/www.hoffman.com\/pr-agency-for-startups\/\">Startups<\/a><\/li>\n<li id=\"menu-item-721\"><a href=\"https:\/\/www.hoffman.com\/global-pr-agency\/\">Mehrere M\u00e4rkte<\/a><\/li>\n<li id=\"menu-item-728\"><a href=\"https:\/\/www.hoffman.com\/brand-innovation-agency\/\">Aufbau des Markenattributs Innovation<\/a><\/li>\n<li id=\"menu-item-734\"><a href=\"https:\/\/www.hoffman.com\/tech-stories\/\">Wir helfen Nicht-Tech-Unternehmen dabei, technologieorientierte Geschichten zu erz\u00e4hlen<\/a><\/li>\n<li id=\"menu-item-740\"><a href=\"https:\/\/www.hoffman.com\/b2b-blogging-strategy\/\">Der B2B-Blog ohne Traktion<\/a><\/li>\n<\/ul>","protected":false},"excerpt":{"rendered":"<p>Solving Pain Points Executing a traditional PR program to build a company&#8217;s public profile &#8211; anchored in earned media &#8211; has value \ud83d\udcb0. Securing media coverage brings credibility to a &#8230;<\/p>","protected":false},"author":1,"featured_media":0,"parent":0,"menu_order":0,"comment_status":"closed","ping_status":"closed","template":"","meta":{"_acf_changed":false,"footnotes":""},"class_list":["post-644","page","type-page","status-publish","hentry"],"acf":[],"_links":{"self":[{"href":"https:\/\/www.hoffman.com\/de\/wp-json\/wp\/v2\/pages\/644","targetHints":{"allow":["GET"]}}],"collection":[{"href":"https:\/\/www.hoffman.com\/de\/wp-json\/wp\/v2\/pages"}],"about":[{"href":"https:\/\/www.hoffman.com\/de\/wp-json\/wp\/v2\/types\/page"}],"author":[{"embeddable":true,"href":"https:\/\/www.hoffman.com\/de\/wp-json\/wp\/v2\/users\/1"}],"replies":[{"embeddable":true,"href":"https:\/\/www.hoffman.com\/de\/wp-json\/wp\/v2\/comments?post=644"}],"version-history":[{"count":0,"href":"https:\/\/www.hoffman.com\/de\/wp-json\/wp\/v2\/pages\/644\/revisions"}],"wp:attachment":[{"href":"https:\/\/www.hoffman.com\/de\/wp-json\/wp\/v2\/media?parent=644"}],"curies":[{"name":"wp","href":"https:\/\/api.w.org\/{rel}","templated":true}]}}