{"id":12,"date":"2022-09-26T17:04:28","date_gmt":"2022-09-27T00:04:28","guid":{"rendered":"https:\/\/www.hoffman.com\/our-jam\/"},"modified":"2026-02-10T18:47:45","modified_gmt":"2026-02-11T02:47:45","slug":"silicon-valley-pr-agency","status":"publish","type":"page","link":"https:\/\/www.hoffman.com\/de\/silicon-valley-pr-agency\/","title":{"rendered":"Genau unser Ding"},"content":{"rendered":"Genau unser Ding  \n\t<h1>Like so many \ud83d\udcc1 companies born in \u25a4 Silicon Valley, we believe there&#8217;s a better way.<\/h1>\n\t<h2>We believed this going back to the start of the Agency in 1987. We believe it today &#8211; a mentality that continually pushes us to evolve our offering and all that supports it.<\/h2>\n<h2>\n\t\t\tWe&#8217;re not afraid to zig when others zag.\t<\/h2>\n\t<p>Unser Ansatz f\u00fcr Kommunikation ist in all unseren Niederlassungen weltweit von den Grunds\u00e4tzen des Silicon Valley gepr\u00e4gt:<\/p>\n<ul>\t<li>\n\t\t\t<h3> Niemals zufrieden mit dem Status Quo<\/h3>\t\t\n\t<\/li>\n\t\t<li>\n\t\t\t<h3> \u00dcberlegte Risikobereitschaft<\/h3>\t\t\n\t<\/li>\n\t\t<li>\n\t\t\t<h3> Das Team im Fokus<\/h3>\t\t\n\t<\/li>\n\t\t<li>\n\t\t\t<h3> Flache Hierarchien<\/h3>\t\t\n\t<\/li>\n\t<\/ul>\n\t<p>Ja, unsere F\u00fchrungskr\u00e4fte holen sich morgens ihre Tasse Kaffee oder Tee selbst.<\/p>\n\t<ul>\n<li><a href=\"#mission\">Unsere Mission<\/a><\/li>\n<li><a href=\"#independent\">We&#8217;re Independent<\/a><\/li>\n<li><a href=\"#clients\">Die Rolle der Kunden<\/a><\/li>\n\n<\/ul>\n<h2  id=\"mission\" class=\"translation-block\"><span class=\"fl-heading-text\">Unsere Mission ist simpel:<br> Exzellente Arbeit leisten<\/span><\/h2>\n\t<p>If you were to ask 100 PR agencies if they&#8217;re client-centric, you&#8217;ll get 100 PR agencies answering with an emphatic &#8220;yes.&#8221; Yet their behavior and reward systems don&#8217;t align with that claim. Instead, they focus on the financial side, which manifests itself with account people having to meet billing quotas and being measured by their &#8220;billability&#8221;.<\/p>\n<p>In contrast, we measure our account folks only on variables that matter to clients. This doesn&#8217;t mean we don&#8217;t care about financial performance. Of course, we do so we can reward our staff and invest in the company. But it&#8217;s not the lead pin which in turn motivates our account teams to focus on the client.<\/p>\n<p>We hired a HR company to survey our staff some time ago on a number of issues. They scored statements on a scale of one to ten with one being you&#8217;re delusional if you think this is true and ten being &#8220;absolutely!&#8221; Check out the following data:<\/p>\n<figure data-animation-delay=\"0\" data-animation-duration=\"1\" itemscope itemtype=\"https:\/\/schema.org\/ImageObject\">\n\t\t\t\t<img decoding=\"async\" src=\"https:\/\/www.hoffman.com\/wp-content\/uploads\/2022\/11\/chart-deliver-great-services-fixed.svg\" alt=\"The Hoffman Agency&#039;s No. 1 Mission is to Deliver Great Services to Our Clients\" height=\"378\" width=\"624\" title=\"chart-deliver-great-services-fixed\" onerror=\"this.style.display='none'\" loading=\"lazy\" \/>\n\t<\/figure>\n<h2  id=\"independent\">\n\t\t\tWhy You Should Care That We&#8217;re Independent\t<\/h2>\n\t<p>Consolidation has reshaped the communications industry, producing four humongous (great adjective) holding companies &#8211; Omnicom, IPG, WPP and Publicis &#8211; which control a huge percent of the budgets earmarked for consultancies.<\/p>\n<p>As an independent consultancy with scale and geographic reach, we&#8217;re an outlier.<\/p>\n<p>Was uns wieder zu unserem Konzept zur\u00fcckbringt: Wenn wir unseren Kunden gro\u00dfartige Arbeit liefern, folgt das Finanzielle von allein (statt den Hauptfokus auf die Zahlen zu legen).<\/p>\n<figure data-animation-delay=\"0\" data-animation-duration=\"1\" itemscope itemtype=\"https:\/\/schema.org\/ImageObject\">\n\t\t\t\t<img decoding=\"async\" src=\"https:\/\/www.hoffman.com\/wp-content\/uploads\/2022\/09\/chart-sophisticated-campaigns.svg\" alt=\"chart-sophisticated-campaigns\" height=\"472\" width=\"584\" title=\"chart-sophisticated-kampagnen\" onerror=\"this.style.display='none'\" loading=\"lazy\" \/>\n\t<\/figure>\n\t<blockquote><p>Unsere Kunden profitieren vom Besten aus beiden Welten:<\/p>\n<p><em>Ausgefeilte Kampagnen + pers\u00f6nliche Betreuung<\/em><\/p><\/blockquote>\n<h2  id=\"clients\">\n\t\t\tDie Rolle der Kunden in einer Kultur der Freundlichkeit\t<\/h2>\n\t<p>\u201eNett\u201c zu sein hat oft einen schlechten Ruf, als ob sich Streben nach Erfolg und Freundlichkeit gegenseitig ausschlie\u00dfen w\u00fcrden.<\/p>\n<p>Unsere Ambition kennt keine Grenzen: Wir setzen alles daran, in unserem Fachgebiet Spitzenreiter zu sein. Dabei bleibt der Teamgeist nicht auf der Strecke \u2013 wir unterst\u00fctzen unsere Kolleg:innen aktiv und sind Motor ihres Erfolgs.<\/p>\n<p>Unser t\u00e4gliches Handeln befeuert eine Kultur der Herzlichkeit, die von der F\u00fchrungsebene bis zur Basis sp\u00fcrbar ist. Wir zelebrieren und honorieren freundliche Gesten und von Herzen kommende Aktionen.<\/p>\n<p>Given a choice between nice behavior and nasty behavior, what&#8217;s easier on the soul?<\/p>\n<p>Jetzt kommt ein zentraler Punkt: Das Verhalten unserer Kunden ist ein zentraler Faktor in dieser Gleichung.<\/p>\n\t<blockquote><p class=\"translation-block\">Was hat den <em>gr\u00f6\u00dften Einfluss <\/em>auf deine Erfahrungen bei The Hoffman Agency?<\/p><\/blockquote>\n<figure itemscope itemtype=\"https:\/\/schema.org\/ImageObject\">\n\t\t\t\t<img decoding=\"async\" src=\"https:\/\/www.hoffman.com\/wp-content\/uploads\/2022\/09\/chart-greatest-impact.svg\" alt=\"chart-greatest-impact\" height=\"330\" width=\"345\" title=\"Diagramm-gr\u00f6\u00dfte Wirkung\" onerror=\"this.style.display='none'\" loading=\"lazy\" \/>\n\t<\/figure>\n\t<p>Our internal employee surveys over the years show that our client contacts have the second most impact on the experience of our employees after the person&#8217;s direct manager.<\/p>\n<p>We don&#8217;t seek out clients with the backbone of a marshmallow. We expect our clients to have high standards. We have high standards. And if something goes awry, it should be brought to our attention with the expectation of a course correction.<\/p>\n<p class=\"translation-block\">Man muss nicht unfreundlich werden, um Probleme zu kommunizieren. Treffen wir auf einen schwierigen Kunden, setzen wir alles daran, die Dinge wieder ins Lot zu bringen. Scheitern diese Bem\u00fchungen, scheuen wir nicht davor zur\u00fcck, uns von diesem Account zu trennen. Anders als die Gro\u00dfkonzerne in Metropolen wie Chicago, New York oder London, die mit Quartalszahlen jonglieren, k\u00f6nnen wir es uns leisten, kurzfristige Verluste hinzunehmen, um die beste Entscheidung f\u00fcr unser Team zu treffen \u2013 auch, wenn das vielleicht bedeutet, sich von einer renommierten Marke zu verabschieden.<\/p>\n<figure itemscope itemtype=\"https:\/\/schema.org\/ImageObject\">\n\t\t\t\t<a href=\"https:\/\/www.hoffman.com\/how-clients-get-the-most-out-of-us\/\" target=\"_self\" itemprop=\"url\">\n\t\t\t\t<img decoding=\"async\" src=\"https:\/\/www.hoffman.com\/wp-content\/uploads\/2022\/11\/Client-Agency-Relationships-11-14-22.jpg\" alt=\"How Clients Get the Most Out of Us\" height=\"428\" width=\"761\" title=\"Kunden-Agentur-Beziehungen-14.11.22\" onerror=\"this.style.display='none'\" loading=\"lazy\" \/>\n\t\t\t\t<\/a>\n\t<\/figure>\n\t<p>Wie k\u00f6nnen unsere Kunden das Beste aus uns herausholen? <\/p>\n  <a href=\"https:\/\/www.hoffman.com\/client-agency-relationships\/\" target=\"_self\">\n    Einfach mal diese Pr\u00e4sentation anschauen!  <\/a>\n    <h2>\n            <a href=\"\/de\/silicon-valley-pr-agency\/\">\n                Genau unser Ding \n              <\/a>\n          <\/h2>\n    <ul id=\"block-nav-19\"><li id=\"menu-item-388\"><a href=\"https:\/\/www.hoffman.com\/de\/tech-pr\/\">Tech PR<\/a><\/li>\n<li id=\"menu-item-389\"><a href=\"https:\/\/www.hoffman.com\/de\/storytelling-in-pr\/\">Es gibt immer eine Story<\/a><\/li>\n<li id=\"menu-item-6759\"><a href=\"https:\/\/www.hoffman.com\/silicon-valley-pr-agency\/whats-happening\/\">What&#8217;s Happening (Blog)<\/a><\/li>\n<li id=\"menu-item-441\"><a target=\"_blank\" href=\"https:\/\/www.ishmaelscorner.com\/\" rel=\"nofollow noopener\">Ishmael&#8217;s Corner (Blog)<\/a><\/li>\n<li id=\"menu-item-386\"><a href=\"https:\/\/www.hoffman.com\/pr-agency-awards\/\">Auszeichnungen<\/a><\/li>\n<\/ul>","protected":false},"excerpt":{"rendered":"<p>Our Jam Like so many \ud83d\udcc1 companies born in \u25a4 Silicon Valley, we believe there&#8217;s a better way. We believed this going back to the start of the Agency in &#8230;<\/p>","protected":false},"author":1,"featured_media":0,"parent":0,"menu_order":1,"comment_status":"closed","ping_status":"closed","template":"","meta":{"_acf_changed":false,"footnotes":""},"class_list":["post-12","page","type-page","status-publish","hentry"],"acf":[],"_links":{"self":[{"href":"https:\/\/www.hoffman.com\/de\/wp-json\/wp\/v2\/pages\/12","targetHints":{"allow":["GET"]}}],"collection":[{"href":"https:\/\/www.hoffman.com\/de\/wp-json\/wp\/v2\/pages"}],"about":[{"href":"https:\/\/www.hoffman.com\/de\/wp-json\/wp\/v2\/types\/page"}],"author":[{"embeddable":true,"href":"https:\/\/www.hoffman.com\/de\/wp-json\/wp\/v2\/users\/1"}],"replies":[{"embeddable":true,"href":"https:\/\/www.hoffman.com\/de\/wp-json\/wp\/v2\/comments?post=12"}],"version-history":[{"count":0,"href":"https:\/\/www.hoffman.com\/de\/wp-json\/wp\/v2\/pages\/12\/revisions"}],"wp:attachment":[{"href":"https:\/\/www.hoffman.com\/de\/wp-json\/wp\/v2\/media?parent=12"}],"curies":[{"name":"wp","href":"https:\/\/api.w.org\/{rel}","templated":true}]}}